{"id":9,"date":"2023-09-16T14:12:59","date_gmt":"2023-09-16T14:12:59","guid":{"rendered":"https:\/\/gross-kos.com\/?page_id=9"},"modified":"2023-09-17T11:20:40","modified_gmt":"2023-09-17T11:20:40","slug":"ballina","status":"publish","type":"page","link":"https:\/\/gross-kos.com\/","title":{"rendered":"Ballina"},"content":{"rendered":"<p><!--themify_builder_static--><\/p>\n<h1>GROSS<\/h1>\n<h4>Akcesor\u00eb p\u00ebr mobilje dhe dyer<\/h4>\n<p><a href=\"#produktet\" > Produktet <\/a><\/p>\n<h2>Q\u00ebllimi yn\u00eb<\/h2>\n<h3>Gross \u00ebsht\u00eb gjithmon ne sh\u00ebrbim t\u00eb klient\u00ebve t\u00eb vet<\/h3>\n<p>Ne si kompani fokus kryesor e kemi q\u00eb klient\u00ebve ton\u00eb t\u00eb ofrojm\u00eb produkte kualitative dhe me cmime konkuruese n\u00eb treg.\u00a0<\/p>\n<h2>Rreth nesh<\/h2>\n<h3>Akcesore p\u00ebr mobilje dhe dyer<\/h3>\n<p>Kompania jon\u00eb merret me distribumin e shum\u00eb brendeve te njohura p\u00ebr n\u00eb Kosov\u00eb.<\/p>\n<p><img loading=\"lazy\" decoding=\"async\" src=\"https:\/\/gross-kos.com\/wp-content\/uploads\/2023\/09\/Emuca-Logo-1024x578-450x300.jpeg\" width=\"450\" height=\"300\" title=\"EMUCA\" alt=\"Akcesor\u00eb p\u00ebr mobilje\"> <\/p>\n<h3> EMUCA <\/h3>\n<p> Akcesor\u00eb p\u00ebr mobilje<br \/>\n<img loading=\"lazy\" decoding=\"async\" src=\"https:\/\/gross-kos.com\/wp-content\/uploads\/2023\/09\/SIso-1-450x300.png\" width=\"450\" height=\"300\" title=\"SISO\" alt=\"Konektor\u00eb, vida, akcesor\u00eb, dhume produkte tjera t\u00eb patentuara\"> <\/p>\n<h3> SISO <\/h3>\n<p> Konektor\u00eb, vida, akcesor\u00eb, dhume produkte tjera t\u00eb patentuara<br \/>\n<img loading=\"lazy\" decoding=\"async\" src=\"https:\/\/gross-kos.com\/wp-content\/uploads\/2023\/09\/Reginox-logo.svg\" width=\"450\" height=\"300\" title=\"REGINOX\" alt=\"Lavamane inox dhe granit\"> <\/p>\n<h3> REGINOX <\/h3>\n<p> Lavamane inox dhe granit<br \/>\n<img loading=\"lazy\" decoding=\"async\" src=\"https:\/\/gross-kos.com\/wp-content\/uploads\/2023\/09\/Koblenz-logo-1024x683-450x300.jpeg\" width=\"450\" height=\"300\" title=\"KRONA KOBLENZ\" alt=\"MENTESHA TE FSHEHURA\" srcset=\"https:\/\/gross-kos.com\/wp-content\/uploads\/2023\/09\/Koblenz-logo-1024x683-450x300.jpeg 450w, https:\/\/gross-kos.com\/wp-content\/uploads\/2023\/09\/Koblenz-logo-300x200.jpeg 300w, https:\/\/gross-kos.com\/wp-content\/uploads\/2023\/09\/Koblenz-logo-1024x683.jpeg 1024w, https:\/\/gross-kos.com\/wp-content\/uploads\/2023\/09\/Koblenz-logo-768x512.jpeg 768w, https:\/\/gross-kos.com\/wp-content\/uploads\/2023\/09\/Koblenz-logo.jpeg 1200w\" sizes=\"auto, (max-width: 450px) 100vw, 450px\" \/> <\/p>\n<h3> KRONA KOBLENZ <\/h3>\n<p> MENTESHA TE FSHEHURA<br \/>\n<img loading=\"lazy\" decoding=\"async\" src=\"https:\/\/gross-kos.com\/wp-content\/uploads\/2023\/09\/Schlegel-1-450x300.jpeg\" width=\"450\" height=\"300\" title=\"SCHLEGEL\" alt=\"Gomin\u00eb p\u00ebr dyer\"> <\/p>\n<h3> SCHLEGEL <\/h3>\n<p> Gomin\u00eb p\u00ebr dyer<br \/>\n<img loading=\"lazy\" decoding=\"async\" src=\"https:\/\/gross-kos.com\/wp-content\/uploads\/2023\/09\/Bahco-Logo-450x300.png\" width=\"450\" height=\"300\" title=\"BAHCO\" alt=\"Vegla profesionale\"> <\/p>\n<h3> BAHCO <\/h3>\n<p> Vegla profesionale<\/p>\n<h3><\/h3>\n<p><iframe frameborder=\"0\" scrolling=\"no\" marginheight=\"0\" marginwidth=\"0\" src=\"https:\/\/maps.google.com\/maps?q=PRIZREN&amp;t=m&amp;z=7&amp;output=embed&amp;iwloc=near\"><\/iframe><\/p>\n<h2>Kontakt<\/h2>\n<p><em><svg aria-hidden=\"true\"><use href=\"#tf-far-map-marker\"><\/use><\/svg><\/em> Rruste Kabashi, n.n., 20000, Prizren, Kosovo <em><svg aria-hidden=\"true\"><use href=\"#tf-fas-phone\"><\/use><\/svg><\/em> +383 48 448 612 <em><svg aria-hidden=\"true\"><use href=\"#tf-far-clock-o\"><\/use><\/svg><\/em> 08.00-17.00 \/ Hane &#8211; Shtune <em><svg aria-hidden=\"true\"><use href=\"#tf-far-envelope-o\"><\/use><\/svg><\/em> info@smartpartsks.com<br \/>\n<a href=\"https:\/\/www.facebook.com\/GrossKs\"> <em><svg aria-hidden=\"true\"><use href=\"#tf-fab-facebook\"><\/use><\/svg><\/em> <\/a> <a href=\"https:\/\/www.instagram.com\/bau_gross\/\"> <em><svg aria-hidden=\"true\"><use href=\"#tf-fab-instagram\"><\/use><\/svg><\/em> <\/a> <a href=\"https:\/\/www.linkedin.com\/company\/71087956\/admin\/feed\/posts\/\"> <em><svg aria-hidden=\"true\"><use href=\"#tf-fab-linkedin\"><\/use><\/svg><\/em> <\/a><!--\/themify_builder_static--><\/p>\n<p>&nbsp;<\/p>\n","protected":false},"excerpt":{"rendered":"<p>GROSS Akcesor\u00eb p\u00ebr mobilje dhe dyer Produktet Q\u00ebllimi yn\u00eb Gross \u00ebsht\u00eb gjithmon ne sh\u00ebrbim t\u00eb klient\u00ebve t\u00eb vet Ne si kompani fokus kryesor e kemi q\u00eb klient\u00ebve ton\u00eb t\u00eb ofrojm\u00eb produkte kualitative dhe me cmime konkuruese n\u00eb treg.\u00a0 Rreth nesh Akcesore p\u00ebr mobilje dhe dyer Kompania jon\u00eb merret me distribumin e shum\u00eb brendeve te njohura [&hellip;]<\/p>\n","protected":false},"author":1,"featured_media":0,"parent":0,"menu_order":0,"comment_status":"closed","ping_status":"closed","template":"","meta":{"footnotes":""},"class_list":["post-9","page","type-page","status-publish","hentry"],"_links":{"self":[{"href":"https:\/\/gross-kos.com\/index.php?rest_route=\/wp\/v2\/pages\/9","targetHints":{"allow":["GET"]}}],"collection":[{"href":"https:\/\/gross-kos.com\/index.php?rest_route=\/wp\/v2\/pages"}],"about":[{"href":"https:\/\/gross-kos.com\/index.php?rest_route=\/wp\/v2\/types\/page"}],"author":[{"embeddable":true,"href":"https:\/\/gross-kos.com\/index.php?rest_route=\/wp\/v2\/users\/1"}],"replies":[{"embeddable":true,"href":"https:\/\/gross-kos.com\/index.php?rest_route=%2Fwp%2Fv2%2Fcomments&post=9"}],"version-history":[{"count":0,"href":"https:\/\/gross-kos.com\/index.php?rest_route=\/wp\/v2\/pages\/9\/revisions"}],"wp:attachment":[{"href":"https:\/\/gross-kos.com\/index.php?rest_route=%2Fwp%2Fv2%2Fmedia&parent=9"}],"curies":[{"name":"wp","href":"https:\/\/api.w.org\/{rel}","templated":true}]}}